{"id":6752,"date":"2023-12-08T08:53:09","date_gmt":"2023-12-08T13:53:09","guid":{"rendered":"https:\/\/novatech.ca\/?page_id=6752"},"modified":"2024-07-03T08:24:18","modified_gmt":"2024-07-03T12:24:18","slug":"confidentialite","status":"publish","type":"page","link":"https:\/\/novatech.ca\/fr\/confidentialite\/","title":{"rendered":"Politique de confidentialit\u00e9"},"content":{"rendered":"\t\t<div class=\"et_pb_section et_pb_with_background et_section_regular breadcrumbs_section\">\r\n\t\t\t<div class=\" et_pb_row breadcrumbs_row\">\r\n\t\t\t\t<div class=\"et_pb_column et_pb_column_4_4 breadcrumbs_column\">\r\n\t\t\t\t\t<div class=\"et_pb_code et_pb_module breadcrumbs_module\">\r\n\t\t\t\t\t\t<span><span><a href=\"https:\/\/novatech.ca\/fr\/\">Home<\/a><\/span><\/span>\t\t\t\t\t<\/div> <!-- .et_pb_code -->\r\n\t\t\t\t<\/div> <!-- .et_pb_column -->\r\n\t\t\t<\/div> <!-- .et_pb_row -->\r\n\t\t<\/div>\r\n\t\t<p>[et_pb_section fb_built=\u00a0\u00bb1&Prime; admin_label=\u00a0\u00bbsection\u00a0\u00bb _builder_version=\u00a0\u00bb4.16&Prime; global_colors_info=\u00a0\u00bb{}\u00a0\u00bb][et_pb_row admin_label=\u00a0\u00bbrow\u00a0\u00bb _builder_version=\u00a0\u00bb4.16&Prime; background_size=\u00a0\u00bbinitial\u00a0\u00bb background_position=\u00a0\u00bbtop_left\u00a0\u00bb background_repeat=\u00a0\u00bbrepeat\u00a0\u00bb global_colors_info=\u00a0\u00bb{}\u00a0\u00bb][et_pb_column type=\u00a0\u00bb4_4&Prime; _builder_version=\u00a0\u00bb4.16&Prime; custom_padding=\u00a0\u00bb|||\u00a0\u00bb global_colors_info=\u00a0\u00bb{}\u00a0\u00bb custom_padding__hover=\u00a0\u00bb|||\u00a0\u00bb][et_pb_text _builder_version=\u00a0\u00bb4.23.4&Prime; _module_preset=\u00a0\u00bbdefault\u00a0\u00bb hover_enabled=\u00a0\u00bb0&Prime; global_colors_info=\u00a0\u00bb{}\u00a0\u00bb sticky_enabled=\u00a0\u00bb0&Prime;]<\/p>\n<h1>Politique de confidentialit\u00e9 de Solutions Analytiques Novatech Inc. en conformit\u00e9 avec le projet de loi 25 du Qu\u00e9bec<\/h1>\n<p><em>Derni\u00e8re mise \u00e0 jour\u00a0: 7 D\u00e9cembre 2023<\/em><\/p>\n<p>Chez Solutions Analytiques Novatech Inc., nous reconnaissons l&rsquo;importance de la vie priv\u00e9e et nous nous engageons \u00e0 assurer la confidentialit\u00e9, l&rsquo;exactitude et la s\u00e9curit\u00e9 de vos informations personnelles. Ce document est con\u00e7u pour vous aider \u00e0 comprendre quelles informations nous collectons, pourquoi nous les collectons et ce que nous en faisons. C\u2019est important ; nous esp\u00e9rons que vous prendrez le temps de le lire attentivement. En r\u00e9ponse au projet de loi 25 du Qu\u00e9bec, nous avons mis \u00e0 jour nos pratiques en mati\u00e8re de confidentialit\u00e9 pour nous assurer qu&rsquo;elles respectent ou d\u00e9passent les exigences de cette l\u00e9gislation.<\/p>\n<h2>1. Collecte d&rsquo;informations<\/h2>\n<p>Nous pouvons collecter les types d&rsquo;informations suivants :<\/p>\n<ul>\n<li>D\u00e9tails d&rsquo;identification personnelle tels que votre nom, adresse, adresse \u00e9lectronique et num\u00e9ro de t\u00e9l\u00e9phone.<\/li>\n<li>D\u00e9tails techniques tels que l&rsquo;adresse IP, le type d&rsquo;appareil, le syst\u00e8me d&rsquo;exploitation et d&rsquo;autres informations relatives au syst\u00e8me.<\/li>\n<\/ul>\n<h2>2. Objet de la collecte<\/h2>\n<p>Nous collectons vos donn\u00e9es personnelles pour les objectifs suivants :<\/p>\n<ul>\n<li>Pour fournir, maintenir et am\u00e9liorer nos services.<\/li>\n<li>Pour communiquer avec vous concernant des mises \u00e0 jour, des promotions et d&rsquo;autres questions pertinentes.<\/li>\n<li>Pour se conformer aux obligations l\u00e9gales et r\u00e9glementaires.<\/li>\n<\/ul>\n<h2>3. Consentement<\/h2>\n<p>Le consentement est un aspect essentiel du projet de loi 25. Avant de collecter ou d&rsquo;utiliser vos donn\u00e9es personnelles, nous obtiendrons votre consentement explicite, sauf lorsque cela est autrement permis ou requis par la loi.<\/p>\n<p>Vous pouvez retirer votre consentement \u00e0 tout moment. Cependant, cela pourrait avoir un impact sur notre capacit\u00e9 \u00e0 fournir certains services.<\/p>\n<h2>4. Partage des donn\u00e9es et tiers<\/h2>\n<p>Nous ne partagerons pas vos informations personnelles avec des tiers, sauf :<\/p>\n<ul>\n<li>Lorsqu&rsquo;il est n\u00e9cessaire de fournir un service que vous avez demand\u00e9.<\/li>\n<li>Lorsqu&rsquo;il est requis par la loi.<\/li>\n<li>Si vous nous avez donn\u00e9 un consentement explicite pour le faire.<\/li>\n<\/ul>\n<h2>5. Conservation et s\u00e9curit\u00e9 des donn\u00e9es<\/h2>\n<p>Vos donn\u00e9es sont stock\u00e9es en toute s\u00e9curit\u00e9 avec des technologies de cryptage de pointe. Nous conserverons vos donn\u00e9es personnelles uniquement aussi longtemps que n\u00e9cessaire pour les objectifs \u00e9nonc\u00e9s dans cette politique de confidentialit\u00e9 ou tel que requis par les lois applicables.<\/p>\n<h2>6. En cas de violation de la s\u00e9curit\u00e9<\/h2>\n<p>Dans le cas improbable d&rsquo;une violation de la s\u00e9curit\u00e9 affectant vos donn\u00e9es personnelles, notre responsable de la protection de la vie priv\u00e9e contactera la\u00a0<em>Commission d&rsquo;acc\u00e8s \u00e0 l&rsquo;information<\/em><em>du Qu\u00e9bec<\/em>\u00a0conform\u00e9ment aux exigences l\u00e9gales et r\u00e9glementaires.<\/p>\n<h2>7. Vos droits en vertu du projet de loi 25<\/h2>\n<p>Conform\u00e9ment au projet de loi 25 du Qu\u00e9bec, vous avez le droit de :<\/p>\n<ul>\n<li>Demander l&rsquo;acc\u00e8s \u00e0 vos donn\u00e9es personnelles.<\/li>\n<li>Demander la correction de toute donn\u00e9e inexacte.<\/li>\n<li>Demander la suppression de vos donn\u00e9es, sous certaines conditions.<\/li>\n<li>Vous opposer au traitement de vos donn\u00e9es.<\/li>\n<li>Demander la limitation du traitement de vos donn\u00e9es.<\/li>\n<li>Demander la portabilit\u00e9 de vos donn\u00e9es.<\/li>\n<\/ul>\n<h2>8. Modifications de cette politique de confidentialit\u00e9<\/h2>\n<p>De temps en temps, nous pourrons mettre \u00e0 jour notre politique de confidentialit\u00e9 pour refl\u00e9ter des changements dans nos pratiques ou pour d&rsquo;autres raisons op\u00e9rationnelles, l\u00e9gales ou r\u00e9glementaires. Les versions mises \u00e0 jour seront publi\u00e9es sur notre site Web, et nous vous encourageons \u00e0 consulter r\u00e9guli\u00e8rement.<\/p>\n<h2>9. Contactez-nous<\/h2>\n<p>Pour toute question ou pr\u00e9occupation concernant cette politique de confidentialit\u00e9 ou vos donn\u00e9es personnelles, veuillez contacter notre responsable de la protection de la vie priv\u00e9e, Tania Desormiers \u00e0\u00a0 <a href=\"mailto:protection@novatech.ca\">protection@novatech.ca<\/a>.<\/p>\n<p>[\/et_pb_text][\/et_pb_column][\/et_pb_row][\/et_pb_section]<\/p>\n","protected":false},"excerpt":{"rendered":"<p>Politique de confidentialit\u00e9 de Solutions Analytiques Novatech Inc. en conformit\u00e9 avec le projet de loi 25 du Qu\u00e9bec Derni\u00e8re mise \u00e0 jour\u00a0: 7 D\u00e9cembre 2023 Chez Solutions Analytiques Novatech Inc., nous reconnaissons l&rsquo;importance de la vie priv\u00e9e et nous nous engageons \u00e0 assurer la confidentialit\u00e9, l&rsquo;exactitude et la s\u00e9curit\u00e9 de vos informations personnelles. Ce document [&hellip;]<\/p>\n","protected":false},"author":1,"featured_media":0,"parent":0,"menu_order":0,"comment_status":"closed","ping_status":"closed","template":"","meta":{"_acf_changed":false,"_et_pb_use_builder":"on","_et_pb_old_content":"","_et_gb_content_width":"","footnotes":""},"class_list":["post-6752","page","type-page","status-publish","hentry"],"acf":[],"yoast_head":"<!-- This site is optimized with the Yoast SEO Premium plugin v27.3 (Yoast SEO v27.5) - https:\/\/yoast.com\/product\/yoast-seo-premium-wordpress\/ -->\n<title>Politique de confidentialit\u00e9 - Novatech, Analytical Solutions<\/title>\n<meta name=\"robots\" content=\"noindex, nofollow\" \/>\n<meta property=\"og:locale\" content=\"fr_FR\" \/>\n<meta property=\"og:type\" content=\"article\" \/>\n<meta property=\"og:title\" content=\"Politique de confidentialit\u00e9\" \/>\n<meta property=\"og:description\" content=\"Politique de confidentialit\u00e9 de Solutions Analytiques Novatech Inc. en conformit\u00e9 avec le projet de loi 25 du Qu\u00e9bec Derni\u00e8re mise \u00e0 jour\u00a0: 7 D\u00e9cembre 2023 Chez Solutions Analytiques Novatech Inc., nous reconnaissons l&#039;importance de la vie priv\u00e9e et nous nous engageons \u00e0 assurer la confidentialit\u00e9, l&#039;exactitude et la s\u00e9curit\u00e9 de vos informations personnelles. Ce document [&hellip;]\" \/>\n<meta property=\"og:url\" content=\"https:\/\/novatech.ca\/fr\/confidentialite\/\" \/>\n<meta property=\"og:site_name\" content=\"Novatech, Analytical Solutions\" \/>\n<meta property=\"article:modified_time\" content=\"2024-07-03T12:24:18+00:00\" \/>\n<meta name=\"twitter:card\" content=\"summary_large_image\" \/>\n<meta name=\"twitter:label1\" content=\"Dur\u00e9e de lecture estim\u00e9e\" \/>\n\t<meta name=\"twitter:data1\" content=\"3 minutes\" \/>\n<script type=\"application\/ld+json\" class=\"yoast-schema-graph\">{\"@context\":\"https:\\\/\\\/schema.org\",\"@graph\":[{\"@type\":\"WebPage\",\"@id\":\"https:\\\/\\\/novatech.ca\\\/fr\\\/confidentialite\\\/\",\"url\":\"https:\\\/\\\/novatech.ca\\\/fr\\\/confidentialite\\\/\",\"name\":\"Politique de confidentialit\u00e9 - Novatech, Analytical Solutions\",\"isPartOf\":{\"@id\":\"https:\\\/\\\/novatech.ca\\\/fr\\\/#website\"},\"datePublished\":\"2023-12-08T13:53:09+00:00\",\"dateModified\":\"2024-07-03T12:24:18+00:00\",\"breadcrumb\":{\"@id\":\"https:\\\/\\\/novatech.ca\\\/fr\\\/confidentialite\\\/#breadcrumb\"},\"inLanguage\":\"fr-FR\",\"potentialAction\":[{\"@type\":\"ReadAction\",\"target\":[\"https:\\\/\\\/novatech.ca\\\/fr\\\/confidentialite\\\/\"]}]},{\"@type\":\"BreadcrumbList\",\"@id\":\"https:\\\/\\\/novatech.ca\\\/fr\\\/confidentialite\\\/#breadcrumb\",\"itemListElement\":[{\"@type\":\"ListItem\",\"position\":1,\"name\":\"Home\",\"item\":\"https:\\\/\\\/novatech.ca\\\/fr\\\/\"},{\"@type\":\"ListItem\",\"position\":2,\"name\":\"Politique de confidentialit\u00e9\"}]},{\"@type\":\"WebSite\",\"@id\":\"https:\\\/\\\/novatech.ca\\\/fr\\\/#website\",\"url\":\"https:\\\/\\\/novatech.ca\\\/fr\\\/\",\"name\":\"Novatech, Analytical Solutions\",\"description\":\"\",\"potentialAction\":[{\"@type\":\"SearchAction\",\"target\":{\"@type\":\"EntryPoint\",\"urlTemplate\":\"https:\\\/\\\/novatech.ca\\\/fr\\\/?s={search_term_string}\"},\"query-input\":{\"@type\":\"PropertyValueSpecification\",\"valueRequired\":true,\"valueName\":\"search_term_string\"}}],\"inLanguage\":\"fr-FR\"}]}<\/script>\n<!-- \/ Yoast SEO Premium plugin. -->","yoast_head_json":{"title":"Politique de confidentialit\u00e9 - Novatech, Analytical Solutions","robots":{"index":"noindex","follow":"nofollow"},"og_locale":"fr_FR","og_type":"article","og_title":"Politique de confidentialit\u00e9","og_description":"Politique de confidentialit\u00e9 de Solutions Analytiques Novatech Inc. en conformit\u00e9 avec le projet de loi 25 du Qu\u00e9bec Derni\u00e8re mise \u00e0 jour\u00a0: 7 D\u00e9cembre 2023 Chez Solutions Analytiques Novatech Inc., nous reconnaissons l'importance de la vie priv\u00e9e et nous nous engageons \u00e0 assurer la confidentialit\u00e9, l'exactitude et la s\u00e9curit\u00e9 de vos informations personnelles. Ce document [&hellip;]","og_url":"https:\/\/novatech.ca\/fr\/confidentialite\/","og_site_name":"Novatech, Analytical Solutions","article_modified_time":"2024-07-03T12:24:18+00:00","twitter_card":"summary_large_image","twitter_misc":{"Dur\u00e9e de lecture estim\u00e9e":"3 minutes"},"schema":{"@context":"https:\/\/schema.org","@graph":[{"@type":"WebPage","@id":"https:\/\/novatech.ca\/fr\/confidentialite\/","url":"https:\/\/novatech.ca\/fr\/confidentialite\/","name":"Politique de confidentialit\u00e9 - Novatech, Analytical Solutions","isPartOf":{"@id":"https:\/\/novatech.ca\/fr\/#website"},"datePublished":"2023-12-08T13:53:09+00:00","dateModified":"2024-07-03T12:24:18+00:00","breadcrumb":{"@id":"https:\/\/novatech.ca\/fr\/confidentialite\/#breadcrumb"},"inLanguage":"fr-FR","potentialAction":[{"@type":"ReadAction","target":["https:\/\/novatech.ca\/fr\/confidentialite\/"]}]},{"@type":"BreadcrumbList","@id":"https:\/\/novatech.ca\/fr\/confidentialite\/#breadcrumb","itemListElement":[{"@type":"ListItem","position":1,"name":"Home","item":"https:\/\/novatech.ca\/fr\/"},{"@type":"ListItem","position":2,"name":"Politique de confidentialit\u00e9"}]},{"@type":"WebSite","@id":"https:\/\/novatech.ca\/fr\/#website","url":"https:\/\/novatech.ca\/fr\/","name":"Novatech, Analytical Solutions","description":"","potentialAction":[{"@type":"SearchAction","target":{"@type":"EntryPoint","urlTemplate":"https:\/\/novatech.ca\/fr\/?s={search_term_string}"},"query-input":{"@type":"PropertyValueSpecification","valueRequired":true,"valueName":"search_term_string"}}],"inLanguage":"fr-FR"}]}},"_links":{"self":[{"href":"https:\/\/novatech.ca\/fr\/wp-json\/wp\/v2\/pages\/6752","targetHints":{"allow":["GET"]}}],"collection":[{"href":"https:\/\/novatech.ca\/fr\/wp-json\/wp\/v2\/pages"}],"about":[{"href":"https:\/\/novatech.ca\/fr\/wp-json\/wp\/v2\/types\/page"}],"author":[{"embeddable":true,"href":"https:\/\/novatech.ca\/fr\/wp-json\/wp\/v2\/users\/1"}],"replies":[{"embeddable":true,"href":"https:\/\/novatech.ca\/fr\/wp-json\/wp\/v2\/comments?post=6752"}],"version-history":[{"count":0,"href":"https:\/\/novatech.ca\/fr\/wp-json\/wp\/v2\/pages\/6752\/revisions"}],"wp:attachment":[{"href":"https:\/\/novatech.ca\/fr\/wp-json\/wp\/v2\/media?parent=6752"}],"curies":[{"name":"wp","href":"https:\/\/api.w.org\/{rel}","templated":true}]}}